{"id":2,"date":"2017-09-09T15:55:11","date_gmt":"2017-09-09T15:55:11","guid":{"rendered":"http:\/\/www.solutionsa1.com\/?page_id=2"},"modified":"2019-04-25T18:36:46","modified_gmt":"2019-04-25T18:36:46","slug":"sample-page","status":"publish","type":"page","link":"http:\/\/www.solutionsa1.com\/?lang=fr","title":{"rendered":""},"content":{"rendered":"\n<div class=\"wp-block-button\"><a class=\"wp-block-button__link\" href=\"http:\/\/www.solutionsa1.com\/?page_id=20&amp;lang=fr\">HorodateurPro<\/a><\/div>\n\n\n\n<h2 style=\"text-align: center;\">Gestion automatis\u00e9e du temps des employ\u00e9(e)s et de leur pr\u00e9sence ou absence au travail<\/h2>\n<h2 style=\"text-align: center;\"><span style=\"color: #ff0000;\">3 $ \/ mois \/ \u00e9tablissement<\/span><\/h2>\n\n\n\n<ul class=\"wp-block-gallery columns-3 is-cropped\"><li class=\"blocks-gallery-item\"><figure><img loading=\"lazy\" width=\"225\" height=\"225\" src=\"http:\/\/www.solutionsa1.com\/wp-content\/uploads\/2017\/09\/restauration-225x225.jpg\" alt=\"\" data-id=\"190\" data-link=\"http:\/\/www.solutionsa1.com\/?attachment_id=190\" class=\"wp-image-190\" srcset=\"http:\/\/www.solutionsa1.com\/wp-content\/uploads\/2017\/09\/restauration-225x225.jpg 225w, http:\/\/www.solutionsa1.com\/wp-content\/uploads\/2017\/09\/restauration-225x225-150x150.jpg 150w, http:\/\/www.solutionsa1.com\/wp-content\/uploads\/2017\/09\/restauration-225x225-111x111.jpg 111w\" sizes=\"(max-width: 225px) 100vw, 225px\" \/><figcaption><strong>Vous \u00eates restaurateur <\/strong>?<\/figcaption><\/figure><\/li><li class=\"blocks-gallery-item\"><figure><img loading=\"lazy\" width=\"231\" height=\"225\" src=\"http:\/\/www.solutionsa1.com\/wp-content\/uploads\/2017\/09\/BN-SE707_retail_GR_20170221162956.jpg\" alt=\"\" data-id=\"297\" data-link=\"http:\/\/www.solutionsa1.com\/?attachment_id=297\" class=\"wp-image-297\"\/><figcaption><strong>Vous \u00eates quincaillier <\/strong>?<\/figcaption><\/figure><\/li><li class=\"blocks-gallery-item\"><figure><img loading=\"lazy\" width=\"225\" height=\"225\" src=\"http:\/\/www.solutionsa1.com\/wp-content\/uploads\/2017\/09\/professionnel.jpg\" alt=\"\" data-id=\"189\" data-link=\"http:\/\/www.solutionsa1.com\/?attachment_id=189\" class=\"wp-image-189\" srcset=\"http:\/\/www.solutionsa1.com\/wp-content\/uploads\/2017\/09\/professionnel.jpg 225w, http:\/\/www.solutionsa1.com\/wp-content\/uploads\/2017\/09\/professionnel-150x150.jpg 150w, http:\/\/www.solutionsa1.com\/wp-content\/uploads\/2017\/09\/professionnel-111x111.jpg 111w\" sizes=\"(max-width: 225px) 100vw, 225px\" \/><figcaption><strong>Vous \u00eates professionnel<\/strong>?<\/figcaption><\/figure><\/li><\/ul>\n","protected":false},"excerpt":{"rendered":"","protected":false},"author":1,"featured_media":0,"parent":0,"menu_order":0,"comment_status":"closed","ping_status":"open","template":"","meta":{"spay_email":""},"jetpack_sharing_enabled":true,"_links":{"self":[{"href":"http:\/\/www.solutionsa1.com\/index.php?rest_route=\/wp\/v2\/pages\/2"}],"collection":[{"href":"http:\/\/www.solutionsa1.com\/index.php?rest_route=\/wp\/v2\/pages"}],"about":[{"href":"http:\/\/www.solutionsa1.com\/index.php?rest_route=\/wp\/v2\/types\/page"}],"author":[{"embeddable":true,"href":"http:\/\/www.solutionsa1.com\/index.php?rest_route=\/wp\/v2\/users\/1"}],"replies":[{"embeddable":true,"href":"http:\/\/www.solutionsa1.com\/index.php?rest_route=%2Fwp%2Fv2%2Fcomments&post=2"}],"version-history":[{"count":50,"href":"http:\/\/www.solutionsa1.com\/index.php?rest_route=\/wp\/v2\/pages\/2\/revisions"}],"predecessor-version":[{"id":647,"href":"http:\/\/www.solutionsa1.com\/index.php?rest_route=\/wp\/v2\/pages\/2\/revisions\/647"}],"wp:attachment":[{"href":"http:\/\/www.solutionsa1.com\/index.php?rest_route=%2Fwp%2Fv2%2Fmedia&parent=2"}],"curies":[{"name":"wp","href":"https:\/\/api.w.org\/{rel}","templated":true}]}}