{"id":305,"date":"2019-03-19T19:28:48","date_gmt":"2019-03-19T19:28:48","guid":{"rendered":"http:\/\/www.solutionsa1.com\/?page_id=305"},"modified":"2022-05-24T00:06:48","modified_gmt":"2022-05-24T00:06:48","slug":"confidentialite","status":"publish","type":"page","link":"http:\/\/www.solutionsa1.com\/?page_id=305&lang=fr","title":{"rendered":"Confidentialit\u00e9"},"content":{"rendered":"<p><strong>Politique de confidentialit\u00e9<\/strong><\/p>\n<p>Solutions A1 exploite le site Web www.solutionsa1.com, qui fournit le SERVICE.<\/p>\n<p>Cette page est utilis\u00e9e pour informer les visiteurs de notre site Web ainsi que les futurs utilisateurs de nos services, de nos politiques en mati\u00e8re de collecte, d\u2019utilisation et de divulgation de renseignements personnels.<\/p>\n<p>Si vous choisissez d\u2019utiliser notre Service, vous acceptez la collecte et l\u2019utilisation des informations en relation avec cette politique. Les renseignements personnels que nous recueillons sont utilis\u00e9s pour fournir le Service. Nous n\u2019utiliserons ni ne partagerons vos informations avec qui que ce soit, sauf dans les cas d\u00e9crits dans la pr\u00e9sente Politique de confidentialit\u00e9.<\/p>\n<p>Les termes utilis\u00e9s dans cette politique de confidentialit\u00e9 ont la m\u00eame signification que dans nos conditions g\u00e9n\u00e9rales, qui sont accessibles via www.solutionsa1.com, \u00e0 moins d\u2019avis contraire.<\/p>\n<p><strong>Fonctionnement d\u2019HorodateurPro (TimeStampPro)<\/strong><\/p>\n<p>HoradateurPro (TimeStampPro), l\u2019application, est con\u00e7ue pour d\u00e9tecter, automatiquement votre arriv\u00e9e et votre d\u00e9part de votre lieu de travail.<\/p>\n<p>Pour ce faire, l\u2019application utilise un p\u00e9rim\u00e8tre math\u00e9matique g\u00e9or\u00e9f\u00e9renc\u00e9 virtuel entourant votre lieu de travail d\u00e9fini en m\u00e8tres ou en pieds, g\u00e9n\u00e9ralement entre 10 m\u00e8tres (30 pieds) et 150 m\u00e8tres (500 pieds).&nbsp; Lors de la d\u00e9termination de ce p\u00e9rim\u00e8tre virtuel, nous tenons compte des limites de pr\u00e9cision et de couverture pour minimiser autant que possible l\u2019utilisation de la batterie de votre t\u00e9l\u00e9phone portable.:<\/p>\n<ul>\n<li>Apr\u00e8s avoir t\u00e9l\u00e9charg\u00e9 l\u2019application HorodateurPro (TimeStamPro) sur votre t\u00e9l\u00e9phone portable, on vous demandera de nous autoriser \u00e0 utiliser votre position afin que ladite application puisse fonctionner. Comme le montre la figure \u00e0 droite, vous avez trois options.<\/li>\n<\/ul>\n<p><img loading=\"lazy\" class=\" wp-image-2296 aligncenter\" src=\"http:\/\/www.solutionsa1.com\/wp-content\/uploads\/2022\/05\/Untitled-1.jpg\" alt=\"\" width=\"249\" height=\"232\"><\/p>\n<ul>\n<li>Une fois que vous acceptez ou autorisez l\u2019application \u00e0 utiliser votre position, cette derni\u00e8re d\u00e9termine une coordonn\u00e9e g\u00e9ographique (latitude et longitude) identifiant votre lieu de travail et, \u00e0 partir de l\u00e0, l\u2019application trace virtuellement le p\u00e9rim\u00e8tre math\u00e9matique ci-dessus. Ces donn\u00e9es sont stock\u00e9es dans la base de donn\u00e9es de Solutions A1.<\/li>\n<li>Il vous sera \u00e9galement demand\u00e9 d\u2019entrer les donn\u00e9es requises par votre employeur telles que votre nom, pr\u00e9nom, adresse physique, adresse courriel, salaire, votre identification en ce qui concerne le service de l\u2019imp\u00f4t sur le revenu de votre pays (NAS au Canada, NSS aux \u00c9tats-Unis, etc.). Encore une fois, ces donn\u00e9es ne sont pas stock\u00e9es dans votre t\u00e9l\u00e9phone portable mais dans la base de donn\u00e9es de Solutions A1.<\/li>\n<\/ul>\n<p>Vous \u00eates maintenant pr\u00eat \u00e0 utiliser l\u2019app<\/p>\n<ul>\n<li>Un horaire de travail Hebdomadaire ou bihebdomadaire est planifi\u00e9 par le gestionnaire ou le superviseur dans l\u2019application WEB de Solutions A1.<\/li>\n<li>Le superviseur identifie pour chaque employ\u00e9(e), dans l\u2019application WEB, les heures de d\u00e9but et de fin de chaque quart de travail pour chaque jour de la semaine comme cela se fait g\u00e9n\u00e9ralement dans l\u2019industrie. Le superviseur saisit \u00e9galement les noms des employ\u00e9s affect\u00e9s aux diff\u00e9rents emplois (cuisinier, serveur, gar\u00e7on de table, etc.).<\/li>\n<li>Chaque fois que votre t\u00e9l\u00e9phone portable est activ\u00e9, HorodateurPro (TimeStampPro) r\u00e9cup\u00e8re, \u00e0 partir de la base de donn\u00e9es Solutions A1, la position g\u00e9ographique de votre lieu de travail telle que d\u00e9termin\u00e9e au moment de votre emploi. D\u00e8s lors, Android notifie l\u2019application, et ce \u00e0 diff\u00e9rents intervalles, de sa position g\u00e9ographique du moment. L\u2019application utilise ces donn\u00e9es pour v\u00e9rifier si l\u2019utilisateur se trouve \u00e0 l\u2019int\u00e9rieur du p\u00e9rim\u00e8tre virtuel d\u00e9fini plus haut ou non. Il importe de savoir que l\u2019intervalle de recherche n\u2019est pas d\u00e9fini par HorodateurPro (TimeStampPro) mais bel et bien par votre portable. En r\u00e9sum\u00e9, nous utilisons simplement les donn\u00e9es g\u00e9n\u00e9r\u00e9es automatiquement par votre t\u00e9l\u00e9phone portable.<\/li>\n<li>Si vous \u00eates en dehors du p\u00e9rim\u00e8tre virtuel, aucune donn\u00e9e n\u2019est enregistr\u00e9e ou envoy\u00e9e \u00e0 la base de donn\u00e9es de Solutions A1 ou \u00e0 celle d\u2019un tiers.<\/li>\n<li>Si HorodateurPro (TimeStampPro) d\u00e9termine que vous \u00eates \u00e0 l\u2019int\u00e9rieur dudit p\u00e9rim\u00e8tre virtuel, il transmettra l\u2019heure \u00ab&nbsp;d\u2019arriv\u00e9e&nbsp;\u00bb ((H:M:S) au lieu de votre travail \u00e0 la base de donn\u00e9es de Solutions A1.<\/li>\n<li>Finalement, lorsque HorodateurPro (TimeStampPro) d\u00e9termine que vous \u00eates en dehors du p\u00e9rim\u00e8tre virtuel, ce qui implique que vous avez termin\u00e9 le travail, il enregistrera, dans la base de donn\u00e9es de Solutions A1, l\u2019heure (H:M:S) \u00e0 laquelle vous avez quitt\u00e9 les lieux.<\/li>\n<li>Les donn\u00e9es \u00ab&nbsp;temps&nbsp;\u00bb stock\u00e9es dans la base de donn\u00e9es de SolutionsA1 seront \u00e9ventuellement utilis\u00e9es pour d\u00e9terminer le nombre d\u2019heures travaill\u00e9es au cours d\u2019une p\u00e9riode sp\u00e9cifi\u00e9e.<\/li>\n<li>L\u2019utilisateur a toujours acc\u00e8s aux m\u00eames donn\u00e9es pendant son emploi.<\/li>\n<li>Les donn\u00e9es de l\u2019utilisateur sont supprim\u00e9es chaque fois que l\u2019employ\u00e9 quitte officiellement son emploi.<\/li>\n<\/ul>\n<p><strong>Collecte et utilisation des informations<\/strong><\/p>\n<p>Les informations que nous recueillons seront utilis\u00e9es pour vous identifier, vous, le travailleur, aupr\u00e8s de votre employeur et uniquement votre employeur.<\/p>\n<p><strong>Donn\u00e9es de journal<\/strong><\/p>\n<p>Nous tenons \u00e0 vous informer que chaque fois que vous visitez notre Service \u00e0 l\u2019aide de l\u2019application Solutions A1 WEB, nous recueillons des informations que votre navigateur nous envoie et qui sont appel\u00e9es Donn\u00e9es de journal. Ces donn\u00e9es de journal peuvent inclure des informations telles que l\u2019adresse de protocole Internet (\u00ab IP \u00bb) de votre ordinateur, la version du navigateur et d\u2019autres statistiques.<\/p>\n<p><strong>Cookies<\/strong><\/p>\n<p>Notre site WEB n\u2019utilise aucun t\u00e9moin (cookies).<\/p>\n<p><strong>Les fournisseurs de services<\/strong><\/p>\n<p>Nous pourrions faire appel \u00e0 des soci\u00e9t\u00e9s tierces et \u00e0 des particuliers pour les raisons suivantes&nbsp;:<\/p>\n<ul>\n<li>Pour faciliter notre Service ;<\/li>\n<li>Pour fournir le Service en notre nom ;<\/li>\n<li>Pour effectuer des services li\u00e9s au Service&nbsp;; ou alors<\/li>\n<li>Pour nous aider \u00e0 analyser comment notre Service est utilis\u00e9.<\/li>\n<\/ul>\n<p>Nous souhaitons informer les utilisateurs de nos services que ces tiers ont acc\u00e8s \u00e0 vos informations personnelles afin qu\u2019ils puissent accomplir les t\u00e2ches qui leur sont assign\u00e9es en notre nom. Cependant, ils sont tenus de ne pas divulguer ou utiliser les informations \u00e0 d&#8217;autres fins.<\/p>\n<p><strong>S\u00e9curit\u00e9<\/strong><\/p>\n<p>Nous appr\u00e9cions votre confiance en nous fournissant vos informations personnelles et nous nous effor\u00e7ons donc d&#8217;utiliser des moyens commercialement acceptables pour les prot\u00e9ger. Mais, n&#8217;oubliez pas qu&#8217;aucune m\u00e9thode de transmission sur Internet ou m\u00e9thode de stockage \u00e9lectronique n&#8217;est s\u00fbre et fiable \u00e0 100 %.&nbsp; Ainsi, nous ne pouvons garantir sa s\u00e9curit\u00e9 absolue.<\/p>\n<p><strong>Liens vers d&#8217;autres sites<\/strong><\/p>\n<p>Notre service peut contenir des liens vers d&#8217;autres sites. Si vous cliquez sur un lien tiers, vous serez dirig\u00e9 vers ce site. Notez que ces sites externes ne sont pas exploit\u00e9s par nous. Par cons\u00e9quent, nous vous conseillons fortement de consulter la politique de confidentialit\u00e9 de ces sites Web afin d&#8217;obtenir plus d&#8217;informations. Nous n&#8217;avons aucun contr\u00f4le et n&#8217;assumons aucune responsabilit\u00e9 quant au contenu, aux politiques de confidentialit\u00e9 ou aux pratiques des sites ou services tiers.<\/p>\n<p><strong>Confidentialit\u00e9 des enfants<\/strong><\/p>\n<p>Nos Services s&#8217;adressent \u00e0 des personnes de plus de 14 ans. Nous ne collectons pas sciemment d&#8217;informations personnelles identifiables d&#8217;enfants de moins de 14 ans. Dans le cas o\u00f9 nous d\u00e9couvrons qu&#8217;un enfant de moins de 14 ans nous a fourni des informations personnelles, nous les supprimons imm\u00e9diatement de nos serveurs. Si vous \u00eates un parent ou un tuteur et que vous savez que votre enfant nous a fourni des informations personnelles, veuillez nous contacter afin que nous puissions prendre les mesures n\u00e9cessaires.<\/p>\n<p><strong>Modifications de cette politique de confidentialit\u00e9<\/strong><\/p>\n<p>Nous pouvons mettre \u00e0 jour notre politique de confidentialit\u00e9 de temps \u00e0 autre. Ainsi, nous vous conseillons de consulter cette page p\u00e9riodiquement pour tout changement. Nous vous informerons de tout changement en publiant la nouvelle politique de confidentialit\u00e9 sur cette page. Ces modifications entrent en vigueur imm\u00e9diatement apr\u00e8s leur publication sur cette page.<\/p>\n<p><strong>Nous contacter<\/strong><\/p>\n<p>Si vous avez des questions ou des suggestions concernant notre politique de confidentialit\u00e9, n&#8217;h\u00e9sitez pas \u00e0 nous contacter.<\/p>\n<p><a href=\"http:\/\/www.solutionsa1.com\/?lang=fr\">http:\/\/www.solutionsa1.com\/?lang=fr<\/a><\/p>\n<p><strong>&nbsp;<\/strong><\/p>\n","protected":false},"excerpt":{"rendered":"<p>Politique de confidentialit\u00e9 Solutions A1 exploite le site Web www.solutionsa1.com, qui fournit le SERVICE. Cette page est utilis\u00e9e pour informer les visiteurs de notre site Web ainsi que les futurs utilisateurs de nos services, de nos politiques en mati\u00e8re de &hellip; <\/p>\n","protected":false},"author":7,"featured_media":0,"parent":0,"menu_order":4,"comment_status":"closed","ping_status":"closed","template":"","meta":{"spay_email":""},"jetpack_sharing_enabled":true,"_links":{"self":[{"href":"http:\/\/www.solutionsa1.com\/index.php?rest_route=\/wp\/v2\/pages\/305"}],"collection":[{"href":"http:\/\/www.solutionsa1.com\/index.php?rest_route=\/wp\/v2\/pages"}],"about":[{"href":"http:\/\/www.solutionsa1.com\/index.php?rest_route=\/wp\/v2\/types\/page"}],"author":[{"embeddable":true,"href":"http:\/\/www.solutionsa1.com\/index.php?rest_route=\/wp\/v2\/users\/7"}],"replies":[{"embeddable":true,"href":"http:\/\/www.solutionsa1.com\/index.php?rest_route=%2Fwp%2Fv2%2Fcomments&post=305"}],"version-history":[{"count":8,"href":"http:\/\/www.solutionsa1.com\/index.php?rest_route=\/wp\/v2\/pages\/305\/revisions"}],"predecessor-version":[{"id":2301,"href":"http:\/\/www.solutionsa1.com\/index.php?rest_route=\/wp\/v2\/pages\/305\/revisions\/2301"}],"wp:attachment":[{"href":"http:\/\/www.solutionsa1.com\/index.php?rest_route=%2Fwp%2Fv2%2Fmedia&parent=305"}],"curies":[{"name":"wp","href":"https:\/\/api.w.org\/{rel}","templated":true}]}}